{"id":2420,"date":"2026-05-14T13:44:28","date_gmt":"2026-05-14T13:44:28","guid":{"rendered":"https:\/\/mccaa.org.mt\/servizzi-ta-kalibrazzjoni\/"},"modified":"2026-05-14T14:17:16","modified_gmt":"2026-05-14T14:17:16","slug":"servizzi-ta-kalibrazzjoni","status":"publish","type":"page","link":"https:\/\/mccaa.org.mt\/mt\/servizzi-ta-kalibrazzjoni\/","title":{"rendered":"SERVIZZI TA\u2019 KALIBRAZZJONI"},"content":{"rendered":"\t\t<div data-elementor-type=\"wp-page\" data-elementor-id=\"2420\" class=\"elementor elementor-2420 elementor-2408\" data-elementor-post-type=\"page\">\n\t\t\t\t<div class=\"elementor-element elementor-element-32b304e e-flex e-con-boxed tm-col-stretched-none tm-bg-color-over-image e-con e-parent\" data-id=\"32b304e\" data-element_type=\"container\" data-e-type=\"container\" data-settings=\"{&quot;background_background&quot;:&quot;classic&quot;}\">\n\t\t\t\t\t<div class=\"e-con-inner\">\n\t\t\t\t<div class=\"elementor-element elementor-element-eb70771 elementor-absolute elementor-widget elementor-widget-image\" data-id=\"eb70771\" data-element_type=\"widget\" data-e-type=\"widget\" data-settings=\"{&quot;_position&quot;:&quot;absolute&quot;}\" data-widget_type=\"image.default\">\n\t\t\t\t\t\t\t\t\t\t\t\t\t\t\t<img fetchpriority=\"high\" decoding=\"async\" width=\"358\" height=\"286\" src=\"https:\/\/mccaa.org.mt\/wp-content\/uploads\/2026\/05\/hero-banner-2.png\" class=\"attachment-large size-large wp-image-2416\" alt=\"\" srcset=\"https:\/\/mccaa.org.mt\/wp-content\/uploads\/2026\/05\/hero-banner-2.png 358w, https:\/\/mccaa.org.mt\/wp-content\/uploads\/2026\/05\/hero-banner-2-300x240.png 300w\" sizes=\"(max-width: 358px) 100vw, 358px\" \/>\t\t\t\t\t\t\t\t\t\t\t\t\t\t\t<\/div>\n\t\t\t\t<div class=\"elementor-element elementor-element-2a65c2d elementor-widget elementor-widget-heading\" data-id=\"2a65c2d\" data-element_type=\"widget\" data-e-type=\"widget\" data-widget_type=\"heading.default\">\n\t\t\t\t\t<h1 class=\"elementor-heading-title elementor-size-default\">SERVIZZI TA\u2019 KALIBRAZZJONI<\/h1>\t\t\t\t<\/div>\n\t\t\t\t<div class=\"elementor-element elementor-element-b7c64a4 elementor-icon-list--layout-inline elementor-mobile-align-center elementor-list-item-link-full_width elementor-widget elementor-widget-icon-list\" data-id=\"b7c64a4\" data-element_type=\"widget\" data-e-type=\"widget\" data-widget_type=\"icon-list.default\">\n\t\t\t\t\t\t\t<ul class=\"elementor-icon-list-items elementor-inline-items\">\n\t\t\t\t\t\t\t<li class=\"elementor-icon-list-item elementor-inline-item\">\n\t\t\t\t\t\t\t\t\t\t\t<a href=\"https:\/\/mccaa.org.mt\/mt\/servizzi-ta-kalibrazzjoni\/\">\n\n\t\t\t\t\t\t\t\t\t\t\t<span class=\"elementor-icon-list-text\">Home<\/span>\n\t\t\t\t\t\t\t\t\t\t\t<\/a>\n\t\t\t\t\t\t\t\t\t<\/li>\n\t\t\t\t\t\t\t\t<li class=\"elementor-icon-list-item elementor-inline-item\">\n\t\t\t\t\t\t\t\t\t\t\t<span class=\"elementor-icon-list-icon\">\n\t\t\t\t\t\t\t<svg xmlns=\"http:\/\/www.w3.org\/2000\/svg\" width=\"6\" height=\"9\" viewBox=\"0 0 6 9\" fill=\"none\"><path fill-rule=\"evenodd\" clip-rule=\"evenodd\" d=\"M0.147008 0.146894C0.193454 0.10033 0.24863 0.0633873 0.309375 0.0381809C0.37012 0.0129744 0.435241 5.69147e-08 0.501008 5.61304e-08C0.566775 5.53461e-08 0.631896 0.0129744 0.692641 0.0381809C0.753386 0.0633873 0.808562 0.10033 0.855008 0.146894L5.20801 4.50089L0.855008 8.85489C0.761121 8.94878 0.633784 9.00152 0.501008 9.00152C0.368232 9.00152 0.240895 8.94878 0.147008 8.85489C0.0531212 8.76101 0.000376804 8.63367 0.000376803 8.50089C0.000376801 8.36812 0.0531212 8.24078 0.147008 8.14689L3.79401 4.50089L0.147008 0.854894C0.100445 0.808448 0.0635023 0.753272 0.0382958 0.692527C0.0130892 0.631782 0.000114448 0.566661 0.000114447 0.500894C0.000114446 0.435126 0.0130892 0.370005 0.0382957 0.30926C0.0635023 0.248515 0.100445 0.193339 0.147008 0.146894Z\" fill=\"white\"><\/path><\/svg>\t\t\t\t\t\t<\/span>\n\t\t\t\t\t\t\t\t\t\t<span class=\"elementor-icon-list-text\">Business Hub<\/span>\n\t\t\t\t\t\t\t\t\t<\/li>\n\t\t\t\t\t\t\t\t<li class=\"elementor-icon-list-item elementor-inline-item\">\n\t\t\t\t\t\t\t\t\t\t\t<a href=\"https:\/\/mccaa.org.mt\/mt\/servizzi-ta-kalibrazzjoni\/\">\n\n\t\t\t\t\t\t\t\t\t\t\t\t<span class=\"elementor-icon-list-icon\">\n\t\t\t\t\t\t\t<svg xmlns=\"http:\/\/www.w3.org\/2000\/svg\" width=\"6\" height=\"9\" viewBox=\"0 0 6 9\" fill=\"none\"><path fill-rule=\"evenodd\" clip-rule=\"evenodd\" d=\"M0.147008 0.146894C0.193454 0.10033 0.24863 0.0633873 0.309375 0.0381809C0.37012 0.0129744 0.435241 5.69147e-08 0.501008 5.61304e-08C0.566775 5.53461e-08 0.631896 0.0129744 0.692641 0.0381809C0.753386 0.0633873 0.808562 0.10033 0.855008 0.146894L5.20801 4.50089L0.855008 8.85489C0.761121 8.94878 0.633784 9.00152 0.501008 9.00152C0.368232 9.00152 0.240895 8.94878 0.147008 8.85489C0.0531212 8.76101 0.000376804 8.63367 0.000376803 8.50089C0.000376801 8.36812 0.0531212 8.24078 0.147008 8.14689L3.79401 4.50089L0.147008 0.854894C0.100445 0.808448 0.0635023 0.753272 0.0382958 0.692527C0.0130892 0.631782 0.000114448 0.566661 0.000114447 0.500894C0.000114446 0.435126 0.0130892 0.370005 0.0382957 0.30926C0.0635023 0.248515 0.100445 0.193339 0.147008 0.146894Z\" fill=\"white\"><\/path><\/svg>\t\t\t\t\t\t<\/span>\n\t\t\t\t\t\t\t\t\t\t<span class=\"elementor-icon-list-text\">SERVIZZI TA\u2019 KALIBRAZZJONI<\/span>\n\t\t\t\t\t\t\t\t\t\t\t<\/a>\n\t\t\t\t\t\t\t\t\t<\/li>\n\t\t\t\t\t\t<\/ul>\n\t\t\t\t\t\t<\/div>\n\t\t\t\t\t<\/div>\n\t\t\t\t<\/div>\n\t\t<div class=\"elementor-element elementor-element-df2b0a1 e-flex e-con-boxed tm-col-stretched-none tm-bg-color-over-image e-con e-parent\" data-id=\"df2b0a1\" data-element_type=\"container\" data-e-type=\"container\" data-settings=\"{&quot;background_background&quot;:&quot;classic&quot;}\">\n\t\t\t\t\t<div class=\"e-con-inner\">\n\t\t\t\t<div class=\"elementor-element elementor-element-12d6f33 elementor-widget elementor-widget-mccaa_section_tabs\" data-id=\"12d6f33\" data-element_type=\"widget\" data-e-type=\"widget\" data-widget_type=\"mccaa_section_tabs.default\">\n\t\t\t\t<div class=\"elementor-widget-container\">\n\t\t\t\t\t\n            <section class=\"mccaa-section-tabs\">\n\n                <div class=\"st-left-cont\">\n\n                    \n                    <div class=\"st-render-content\">\n                        <h1>SERVIZZI TA\u2019 KALIBRAZZJONI<\/h1>\n                        \n<p>Il-laboratorji jappo\u0121\u0121jaw seba\u2019 kwantitajiet ta\u2019 kejl, bl-u\u017cu ta\u2019 tag\u0127mir avvanzat u xjenzati u tekni\u010bi bi kwalifiki g\u0127oljin.<\/p>\n\n<p>L-oqsma ta\u2019 operazzjoni jinkludu:<\/p>\n\n<p><strong>Dimensjoni:<\/strong> <\/p>\n\n<p>Verifika ta\u2019 block gauges sa tul ta\u2019 100 mm, klassi K, f\u2019azzar, karbur tat-tungstenu u \u010beramika, billi jintu\u017caw komparaturi mekkani\u010bi.<\/p>\n\n<p><strong>Elettriku: <\/strong><\/p>\n\n<p>Kalibrazzjoni ta\u2019 apparat elettriku DC\/AC sa 1 kV, 20 A u 1.1 M\u03a9, bl-u\u017cu ta\u2019 kalibratur elettriku ta\u2019 referenza multifunzjonali u multimeter ta\u2019 8.5 \u010bifri<strong>.<\/strong><\/p>\n\n<p><strong>Umdit\u00e0:<\/strong> <\/p>\n\n<p>Kalibrazzjoni ta\u2019 sensuri tal-umdit\u00e0 bl-u\u017cu ta\u2019 kompartiment tat-test \u201ctwo\u2011pressure\u201d u igrometru ta\u2019 referenza b\u2019mera mkess\u0127a ta\u2019 pre\u010bi\u017cjoni g\u0127olja, g\u0127al kalibrazzjoni ta\u2019 apparat tat-test bejn \u201110\u202f\u00b0C u 70\u202f\u00b0C f\u2019firxa ta\u2019 umdit\u00e0 bejn 10\u202f% u 90\u202f%.<\/p>\n\n<p>Massa:<\/p>\n\n<p>Kalibrazzjoni ta\u2019 standards tal-massa fil-firxiet li \u0121ejjin: minn 1 mg sa 50 kg fil-klassi E2 u sa tunnellata (1,000 kg) fil-klassi M1. Il-laboratorju jwettaq kalibrazzjoni tal-firxa s\u0127i\u0127a ta\u2019 sistemi ta\u2019 u\u017cin industrijali u tal-laboratorju, kemm fuq il-post tieg\u0127u kif ukoll g\u0127and il-klijenti. Il-laboratorju g\u0127andu 30 tunnellata ta\u2019 standards ta\u2019 massa kkalibrati u tra\u010b\u010babbli. Jista\u2019 jsir ukoll ittestjar u kalibrazzjoni ta\u2019 weighbridges sa 80 tunnellata.   <\/p>\n\n<p><strong>Pressjoni:<\/strong> <\/p>\n\n<p>Kalibrazzjoni ta\u2019 manometri analo\u0121i\u010bi u di\u0121itali minn 10 kPa sa 20 MPa bl-u\u017cu ta\u2019 mezz tal-gass, u minn 100 kPa sa 200 MPa bl-u\u017cu ta\u2019 mezz ta\u017c-\u017cejt. Il-laboratorju g\u0127andu standardi primarji tal-pressjoni (pressure balances) kif ukoll standardi sekondarji ta\u2019 trasferiment g\u0127all-u\u017cu f\u2019kalibrazzjoni fuq il-post. <\/p>\n\n<p><strong>Temperatura:<\/strong> <\/p>\n\n<p>Kalibrazzjoni ta\u2019 sensuri ta\u2019 termometrija ta\u2019 kuntatt f\u2019firxa ta\u2019 temperaturi minn \u201180\u202f\u00b0C sa 550\u202f\u00b0C, bl-u\u017cu ta\u2019 banjijiet ta\u2019 paraguni b\u2019mezz likwidu u b\u2019kapa\u010bit\u00e0 ta\u2019 punti fissati. Isir ukoll validazzjoni fuq il-post ta\u2019 fa\u010bilitajiet ta\u2019 \u0127a\u017cna farma\u010bewtika, kmamar kes\u0127in, freezers, unitajiet ta\u2019 tkessi\u0127 u ffri\u017car immuntati fuq vetturi, awtoklavi, pasturizzaturi u inkubaturi, flimkien ma\u2019 kalibrazzjoni ta\u2019 sensuri tat-temperatura fuq il-post bl-u\u017cu ta\u2019 banjijiet likwidi u dry blocks. <\/p>\n\n<p><strong>\u0126in u Frekwenza: <\/strong><\/p>\n\n<p>Kalibrazzjoni ta\u2019 arlo\u0121\u0121i, timers u stopwatches.<\/p>\n\n<p>Il-kalibrazzjoni ta\u2019 standards li jistg\u0127u ji\u0121u ttrasferiti titwettaq fil-laboratorji moderni tag\u0127na li jinsabu fil\u2011Kordin Business Incubation Centre. MCCAA\u2011SMI g\u0127andha wkoll il\u2011kapa\u010bit\u00e0 li twettaq xog\u0127ol fuq il\u2011post g\u0127all\u2011klijenti tag\u0127ha fl\u2011oqsma msemmija hawn fuq. Kwalunkwe rekwi\u017cit spe\u010bifiku tal\u2011klijenti ji\u0121i evalwat g\u0127all\u2011fattibbilt\u00e0 teknika u jsiru sforzi attivi biex jinstabu soluzzjonijiet xierqa.   <\/p>\n\n<p>G\u0127as\u2011Servizzi ta\u2019 Kalibrazzjoni, jekk jog\u0127\u0121bok ikkuntattjana permezz tal\u2011<a href=\"mailto:calibration.mccaa@mccaa.org.mt\">email<\/a> jew fl\u2011indirizz li \u0121ej:<\/p>\n\n<p>Unit 1030<br\/>Kordin Business Incubation Centre (KBIC)<br\/>Kordin Industrial Estate<br\/>Paola PLA 3000<\/p>\n                    <\/div>\n\n                <\/div>\n\n                <div class=\"st-right-cont\">\n\n                    <h3>Sections<\/h3>\n\n                    <div class=\"st-section-tab\">\n\n                        \n                            <div class=\"tab-button\">\n                                <button\n                                    type=\"button\"\n                                    class=\"st-tab-btn active\"\n                                    data-post=\"2414\">\n                                    <span class=\"st-tab-btn-label\">SERVIZZI TA\u2019 KALIBRAZZJONI<\/span>\n                                    <span class=\"st-tab-btn-arrow\"><svg xmlns=\"http:\/\/www.w3.org\/2000\/svg\" width=\"13\" height=\"19\" viewBox=\"0 0 13 19\" fill=\"none\">\n                                            <path d=\"M12.3311 9.50003L9.50115 6.67035L2.83178 -4.15226e-07L0.000212546 2.82975L6.67144 9.50003L0.000211963 16.1703L2.83178 19L9.50115 12.3299L12.3311 9.50003Z\" fill=\"#CB904D\" \/>\n                                        <\/svg><\/span>\n                                <\/button>\n\n                            <\/div>\n\n                            <template\n                                class=\"st-tab-template\"\n                                data-post=\"2414\">\n                                <h1>SERVIZZI TA\u2019 KALIBRAZZJONI<\/h1>\n                                \n<p>Il-laboratorji jappo\u0121\u0121jaw seba\u2019 kwantitajiet ta\u2019 kejl, bl-u\u017cu ta\u2019 tag\u0127mir avvanzat u xjenzati u tekni\u010bi bi kwalifiki g\u0127oljin.<\/p>\n\n<p>L-oqsma ta\u2019 operazzjoni jinkludu:<\/p>\n\n<p><strong>Dimensjoni:<\/strong> <\/p>\n\n<p>Verifika ta\u2019 block gauges sa tul ta\u2019 100 mm, klassi K, f\u2019azzar, karbur tat-tungstenu u \u010beramika, billi jintu\u017caw komparaturi mekkani\u010bi.<\/p>\n\n<p><strong>Elettriku: <\/strong><\/p>\n\n<p>Kalibrazzjoni ta\u2019 apparat elettriku DC\/AC sa 1 kV, 20 A u 1.1 M\u03a9, bl-u\u017cu ta\u2019 kalibratur elettriku ta\u2019 referenza multifunzjonali u multimeter ta\u2019 8.5 \u010bifri<strong>.<\/strong><\/p>\n\n<p><strong>Umdit\u00e0:<\/strong> <\/p>\n\n<p>Kalibrazzjoni ta\u2019 sensuri tal-umdit\u00e0 bl-u\u017cu ta\u2019 kompartiment tat-test \u201ctwo\u2011pressure\u201d u igrometru ta\u2019 referenza b\u2019mera mkess\u0127a ta\u2019 pre\u010bi\u017cjoni g\u0127olja, g\u0127al kalibrazzjoni ta\u2019 apparat tat-test bejn \u201110\u202f\u00b0C u 70\u202f\u00b0C f\u2019firxa ta\u2019 umdit\u00e0 bejn 10\u202f% u 90\u202f%.<\/p>\n\n<p>Massa:<\/p>\n\n<p>Kalibrazzjoni ta\u2019 standards tal-massa fil-firxiet li \u0121ejjin: minn 1 mg sa 50 kg fil-klassi E2 u sa tunnellata (1,000 kg) fil-klassi M1. Il-laboratorju jwettaq kalibrazzjoni tal-firxa s\u0127i\u0127a ta\u2019 sistemi ta\u2019 u\u017cin industrijali u tal-laboratorju, kemm fuq il-post tieg\u0127u kif ukoll g\u0127and il-klijenti. Il-laboratorju g\u0127andu 30 tunnellata ta\u2019 standards ta\u2019 massa kkalibrati u tra\u010b\u010babbli. Jista\u2019 jsir ukoll ittestjar u kalibrazzjoni ta\u2019 weighbridges sa 80 tunnellata.   <\/p>\n\n<p><strong>Pressjoni:<\/strong> <\/p>\n\n<p>Kalibrazzjoni ta\u2019 manometri analo\u0121i\u010bi u di\u0121itali minn 10 kPa sa 20 MPa bl-u\u017cu ta\u2019 mezz tal-gass, u minn 100 kPa sa 200 MPa bl-u\u017cu ta\u2019 mezz ta\u017c-\u017cejt. Il-laboratorju g\u0127andu standardi primarji tal-pressjoni (pressure balances) kif ukoll standardi sekondarji ta\u2019 trasferiment g\u0127all-u\u017cu f\u2019kalibrazzjoni fuq il-post. <\/p>\n\n<p><strong>Temperatura:<\/strong> <\/p>\n\n<p>Kalibrazzjoni ta\u2019 sensuri ta\u2019 termometrija ta\u2019 kuntatt f\u2019firxa ta\u2019 temperaturi minn \u201180\u202f\u00b0C sa 550\u202f\u00b0C, bl-u\u017cu ta\u2019 banjijiet ta\u2019 paraguni b\u2019mezz likwidu u b\u2019kapa\u010bit\u00e0 ta\u2019 punti fissati. Isir ukoll validazzjoni fuq il-post ta\u2019 fa\u010bilitajiet ta\u2019 \u0127a\u017cna farma\u010bewtika, kmamar kes\u0127in, freezers, unitajiet ta\u2019 tkessi\u0127 u ffri\u017car immuntati fuq vetturi, awtoklavi, pasturizzaturi u inkubaturi, flimkien ma\u2019 kalibrazzjoni ta\u2019 sensuri tat-temperatura fuq il-post bl-u\u017cu ta\u2019 banjijiet likwidi u dry blocks. <\/p>\n\n<p><strong>\u0126in u Frekwenza: <\/strong><\/p>\n\n<p>Kalibrazzjoni ta\u2019 arlo\u0121\u0121i, timers u stopwatches.<\/p>\n\n<p>Il-kalibrazzjoni ta\u2019 standards li jistg\u0127u ji\u0121u ttrasferiti titwettaq fil-laboratorji moderni tag\u0127na li jinsabu fil\u2011Kordin Business Incubation Centre. MCCAA\u2011SMI g\u0127andha wkoll il\u2011kapa\u010bit\u00e0 li twettaq xog\u0127ol fuq il\u2011post g\u0127all\u2011klijenti tag\u0127ha fl\u2011oqsma msemmija hawn fuq. Kwalunkwe rekwi\u017cit spe\u010bifiku tal\u2011klijenti ji\u0121i evalwat g\u0127all\u2011fattibbilt\u00e0 teknika u jsiru sforzi attivi biex jinstabu soluzzjonijiet xierqa.   <\/p>\n\n<p>G\u0127as\u2011Servizzi ta\u2019 Kalibrazzjoni, jekk jog\u0127\u0121bok ikkuntattjana permezz tal\u2011<a href=\"mailto:calibration.mccaa@mccaa.org.mt\">email<\/a> jew fl\u2011indirizz li \u0121ej:<\/p>\n\n<p>Unit 1030<br\/>Kordin Business Incubation Centre (KBIC)<br\/>Kordin Industrial Estate<br\/>Paola PLA 3000<\/p>\n                            <\/template>\n\n                        \n                    <\/div>\n\n                <\/div>\n\n            <\/section>\n\n            <script>\n                document.addEventListener('DOMContentLoaded', function() {\n\n                    const widgets = document.querySelectorAll('.mccaa-section-tabs');\n\n                    widgets.forEach(widget => {\n\n                        const buttons = widget.querySelectorAll('.st-tab-btn');\n                        const contentContainer = widget.querySelector('.st-render-content');\n\n                        buttons.forEach(button => {\n\n                            button.addEventListener('click', function() {\n\n                                const postId = this.dataset.post;\n\n                                buttons.forEach(btn => btn.classList.remove('active'));\n                                this.classList.add('active');\n\n                                const template = widget.querySelector(\n                                    `.st-tab-template[data-post=\"${postId}\"]`\n                                );\n\n                                if (template) {\n                                    contentContainer.innerHTML = template.innerHTML;\n                                }\n                            });\n                        });\n                    });\n                });\n            <\/script>\n\n\t\t\t\t<\/div>\n\t\t\t\t<\/div>\n\t\t\t\t\t<\/div>\n\t\t\t\t<\/div>\n\t\t\t\t<\/div>\n\t\t","protected":false},"excerpt":{"rendered":"<p>Home Business Hub Calibration Services The labs have 7 measurement quantities supported by state-of-the-art equipment and highly skilled scientists and&#8230;<\/p>\n","protected":false},"author":1,"featured_media":0,"parent":0,"menu_order":0,"comment_status":"closed","ping_status":"closed","template":"","meta":{"_acf_changed":false,"footnotes":""},"class_list":["post-2420","page","type-page","status-publish","hentry"],"acf":[],"_links":{"self":[{"href":"https:\/\/mccaa.org.mt\/mt\/wp-json\/wp\/v2\/pages\/2420","targetHints":{"allow":["GET"]}}],"collection":[{"href":"https:\/\/mccaa.org.mt\/mt\/wp-json\/wp\/v2\/pages"}],"about":[{"href":"https:\/\/mccaa.org.mt\/mt\/wp-json\/wp\/v2\/types\/page"}],"author":[{"embeddable":true,"href":"https:\/\/mccaa.org.mt\/mt\/wp-json\/wp\/v2\/users\/1"}],"replies":[{"embeddable":true,"href":"https:\/\/mccaa.org.mt\/mt\/wp-json\/wp\/v2\/comments?post=2420"}],"version-history":[{"count":1,"href":"https:\/\/mccaa.org.mt\/mt\/wp-json\/wp\/v2\/pages\/2420\/revisions"}],"predecessor-version":[{"id":2421,"href":"https:\/\/mccaa.org.mt\/mt\/wp-json\/wp\/v2\/pages\/2420\/revisions\/2421"}],"wp:attachment":[{"href":"https:\/\/mccaa.org.mt\/mt\/wp-json\/wp\/v2\/media?parent=2420"}],"curies":[{"name":"wp","href":"https:\/\/api.w.org\/{rel}","templated":true}]}}