{"id":2418,"date":"2026-05-14T13:40:26","date_gmt":"2026-05-14T13:40:26","guid":{"rendered":"https:\/\/mccaa.org.mt\/servizzi-ta-ttestjar\/"},"modified":"2026-05-14T14:16:51","modified_gmt":"2026-05-14T14:16:51","slug":"servizzi-ta-ttestjar","status":"publish","type":"page","link":"https:\/\/mccaa.org.mt\/mt\/servizzi-ta-ttestjar\/","title":{"rendered":"SERVIZZI TA\u2019 TTESTJAR"},"content":{"rendered":"\t\t<div data-elementor-type=\"wp-page\" data-elementor-id=\"2418\" class=\"elementor elementor-2418 elementor-2402\" data-elementor-post-type=\"page\">\n\t\t\t\t<div class=\"elementor-element elementor-element-32b304e e-flex e-con-boxed tm-col-stretched-none tm-bg-color-over-image e-con e-parent\" data-id=\"32b304e\" data-element_type=\"container\" data-e-type=\"container\" data-settings=\"{&quot;background_background&quot;:&quot;classic&quot;}\">\n\t\t\t\t\t<div class=\"e-con-inner\">\n\t\t\t\t<div class=\"elementor-element elementor-element-eb70771 elementor-absolute elementor-widget elementor-widget-image\" data-id=\"eb70771\" data-element_type=\"widget\" data-e-type=\"widget\" data-settings=\"{&quot;_position&quot;:&quot;absolute&quot;}\" data-widget_type=\"image.default\">\n\t\t\t\t\t\t\t\t\t\t\t\t\t\t\t<img fetchpriority=\"high\" decoding=\"async\" width=\"358\" height=\"286\" src=\"https:\/\/mccaa.org.mt\/wp-content\/uploads\/2026\/05\/hero-banner-2.png\" class=\"attachment-large size-large wp-image-2416\" alt=\"\" srcset=\"https:\/\/mccaa.org.mt\/wp-content\/uploads\/2026\/05\/hero-banner-2.png 358w, https:\/\/mccaa.org.mt\/wp-content\/uploads\/2026\/05\/hero-banner-2-300x240.png 300w\" sizes=\"(max-width: 358px) 100vw, 358px\" \/>\t\t\t\t\t\t\t\t\t\t\t\t\t\t\t<\/div>\n\t\t\t\t<div class=\"elementor-element elementor-element-2a65c2d elementor-widget elementor-widget-heading\" data-id=\"2a65c2d\" data-element_type=\"widget\" data-e-type=\"widget\" data-widget_type=\"heading.default\">\n\t\t\t\t\t<h1 class=\"elementor-heading-title elementor-size-default\">SERVIZZI TA\u2019 TTESTJAR<\/h1>\t\t\t\t<\/div>\n\t\t\t\t<div class=\"elementor-element elementor-element-b7c64a4 elementor-icon-list--layout-inline elementor-mobile-align-center elementor-list-item-link-full_width elementor-widget elementor-widget-icon-list\" data-id=\"b7c64a4\" data-element_type=\"widget\" data-e-type=\"widget\" data-widget_type=\"icon-list.default\">\n\t\t\t\t\t\t\t<ul class=\"elementor-icon-list-items elementor-inline-items\">\n\t\t\t\t\t\t\t<li class=\"elementor-icon-list-item elementor-inline-item\">\n\t\t\t\t\t\t\t\t\t\t\t<a href=\"https:\/\/mccaa.org.mt\/mt\/servizzi-ta-ttestjar\/\">\n\n\t\t\t\t\t\t\t\t\t\t\t<span class=\"elementor-icon-list-text\">Home<\/span>\n\t\t\t\t\t\t\t\t\t\t\t<\/a>\n\t\t\t\t\t\t\t\t\t<\/li>\n\t\t\t\t\t\t\t\t<li class=\"elementor-icon-list-item elementor-inline-item\">\n\t\t\t\t\t\t\t\t\t\t\t<span class=\"elementor-icon-list-icon\">\n\t\t\t\t\t\t\t<svg xmlns=\"http:\/\/www.w3.org\/2000\/svg\" width=\"6\" height=\"9\" viewBox=\"0 0 6 9\" fill=\"none\"><path fill-rule=\"evenodd\" clip-rule=\"evenodd\" d=\"M0.147008 0.146894C0.193454 0.10033 0.24863 0.0633873 0.309375 0.0381809C0.37012 0.0129744 0.435241 5.69147e-08 0.501008 5.61304e-08C0.566775 5.53461e-08 0.631896 0.0129744 0.692641 0.0381809C0.753386 0.0633873 0.808562 0.10033 0.855008 0.146894L5.20801 4.50089L0.855008 8.85489C0.761121 8.94878 0.633784 9.00152 0.501008 9.00152C0.368232 9.00152 0.240895 8.94878 0.147008 8.85489C0.0531212 8.76101 0.000376804 8.63367 0.000376803 8.50089C0.000376801 8.36812 0.0531212 8.24078 0.147008 8.14689L3.79401 4.50089L0.147008 0.854894C0.100445 0.808448 0.0635023 0.753272 0.0382958 0.692527C0.0130892 0.631782 0.000114448 0.566661 0.000114447 0.500894C0.000114446 0.435126 0.0130892 0.370005 0.0382957 0.30926C0.0635023 0.248515 0.100445 0.193339 0.147008 0.146894Z\" fill=\"white\"><\/path><\/svg>\t\t\t\t\t\t<\/span>\n\t\t\t\t\t\t\t\t\t\t<span class=\"elementor-icon-list-text\">Business Hub<\/span>\n\t\t\t\t\t\t\t\t\t<\/li>\n\t\t\t\t\t\t\t\t<li class=\"elementor-icon-list-item elementor-inline-item\">\n\t\t\t\t\t\t\t\t\t\t\t<a href=\"https:\/\/mccaa.org.mt\/mt\/servizzi-ta-ttestjar\/\">\n\n\t\t\t\t\t\t\t\t\t\t\t\t<span class=\"elementor-icon-list-icon\">\n\t\t\t\t\t\t\t<svg xmlns=\"http:\/\/www.w3.org\/2000\/svg\" width=\"6\" height=\"9\" viewBox=\"0 0 6 9\" fill=\"none\"><path fill-rule=\"evenodd\" clip-rule=\"evenodd\" d=\"M0.147008 0.146894C0.193454 0.10033 0.24863 0.0633873 0.309375 0.0381809C0.37012 0.0129744 0.435241 5.69147e-08 0.501008 5.61304e-08C0.566775 5.53461e-08 0.631896 0.0129744 0.692641 0.0381809C0.753386 0.0633873 0.808562 0.10033 0.855008 0.146894L5.20801 4.50089L0.855008 8.85489C0.761121 8.94878 0.633784 9.00152 0.501008 9.00152C0.368232 9.00152 0.240895 8.94878 0.147008 8.85489C0.0531212 8.76101 0.000376804 8.63367 0.000376803 8.50089C0.000376801 8.36812 0.0531212 8.24078 0.147008 8.14689L3.79401 4.50089L0.147008 0.854894C0.100445 0.808448 0.0635023 0.753272 0.0382958 0.692527C0.0130892 0.631782 0.000114448 0.566661 0.000114447 0.500894C0.000114446 0.435126 0.0130892 0.370005 0.0382957 0.30926C0.0635023 0.248515 0.100445 0.193339 0.147008 0.146894Z\" fill=\"white\"><\/path><\/svg>\t\t\t\t\t\t<\/span>\n\t\t\t\t\t\t\t\t\t\t<span class=\"elementor-icon-list-text\">SERVIZZI TA\u2019 TTESTJAR<\/span>\n\t\t\t\t\t\t\t\t\t\t\t<\/a>\n\t\t\t\t\t\t\t\t\t<\/li>\n\t\t\t\t\t\t<\/ul>\n\t\t\t\t\t\t<\/div>\n\t\t\t\t\t<\/div>\n\t\t\t\t<\/div>\n\t\t<div class=\"elementor-element elementor-element-df2b0a1 e-flex e-con-boxed tm-col-stretched-none tm-bg-color-over-image e-con e-parent\" data-id=\"df2b0a1\" data-element_type=\"container\" data-e-type=\"container\" data-settings=\"{&quot;background_background&quot;:&quot;classic&quot;}\">\n\t\t\t\t\t<div class=\"e-con-inner\">\n\t\t\t\t<div class=\"elementor-element elementor-element-12d6f33 elementor-widget elementor-widget-mccaa_section_tabs\" data-id=\"12d6f33\" data-element_type=\"widget\" data-e-type=\"widget\" data-widget_type=\"mccaa_section_tabs.default\">\n\t\t\t\t<div class=\"elementor-widget-container\">\n\t\t\t\t\t\n            <section class=\"mccaa-section-tabs\">\n\n                <div class=\"st-left-cont\">\n\n                    \n                    <div class=\"st-render-content\">\n                        <h1>SERVIZZI TA\u2019 TTESTJAR<\/h1>\n                        \n<p><strong>Servizzi ta\u2019 ttestjar affidabbli g\u0127all-infrastruttura pubblika u l-assigurazzjoni tal-kwalit\u00e0 fil-qasam tas-sa\u0127\u0127a<\/strong><\/p>\n\n<p>Id-Direttorat tas-Servizzi tal-Laboratorju fi \u0127dan l-Istitut tal-Istandards u l-Metrolo\u0121ija tal-MCCAA jipprovdi servizzi ta\u2019 ttestjar li jappo\u0121\u0121jaw entitajiet pubbli\u010bi, pro\u0121etti ta\u2019 infrastruttura u attivitajiet essenzjali relatati mal-assigurazzjoni tal-kwalit\u00e0 f\u2019Malta.<\/p>\n\n<p>Id-Direttorat jopera fuq il-valuri tal-indipendenza, il-kompetenza teknika u l-kunfidenzjalit\u00e0 tal-klijent, billi jipprovdi servizzi ta\u2019 ttestjar xjentifiku f\u2019oqsma fejn ri\u017cultati affidabbli huma kru\u010bjali g\u0127all-fidu\u010bja pubblika, is-sigurt\u00e0 u l-assigurazzjoni tal-kwalit\u00e0.<\/p>\n\n<p>Is-servizzi ta\u2019 ttestjar huma pprovduti primarjament lil dipartimenti tal-Gvern u entitajiet pubbli\u010bi, u jappo\u0121\u0121jaw xog\u0127lijiet ewlenin ta\u2019 infrastruttura, pro\u0121etti pubbli\u010bi u attivitajiet ta\u2019 assigurazzjoni tal-kwalit\u00e0 relatati mas-sa\u0127\u0127a.<\/p>\n\n<p><strong>Ittestjar tal-Materjali g\u0127all-Kostruzzjoni<\/strong><\/p>\n\n<p>Is-servizz ta\u2019 Ittestjar tal-Materjali g\u0127all-Kostruzzjoni jipprovdi appo\u0121\u0121 fl-ittestjar g\u0127all-infrastruttura, xog\u0127lijiet tat-toroq, pro\u0121etti ta\u2019 in\u0121inerija \u010bivili u xog\u0127lijiet pubbli\u010bi o\u0127ra relatati mal-kostruzzjoni.<\/p>\n\n<p>Dan is-servizz jg\u0127in lill-entitajiet pubbli\u010bi u lill-partijiet interessati fil-pro\u0121etti billi jipprovdi ttestjar indipendenti tal-materjali tal-kostruzzjoni u\u017cati fi pro\u0121etti ewlenin. L-ittestjar jg\u0127in biex ji\u0121i vverifikat jekk il-materjali u x-xog\u0127lijiet jissodisfawx l-ispe\u010bifikazzjonijiet me\u0127tie\u0121a, u b\u2019hekk jappo\u0121\u0121ja l-assigurazzjoni tal-kwalit\u00e0, il-kontroll tal-pro\u0121ett u l-fidu\u010bja fil-materjali u\u017cati. <\/p>\n\n<p><strong>Akkreditazzjoni<\/strong><\/p>\n\n<p>Is-servizz ta\u2019 Ttestjar tal-Materjali g\u0127all-Kostruzzjoni jopera fi \u0127dan ambitu akkreditat ippubblikat minn NAB\u2011Malta. L-ambitu ta\u2019 akkreditazzjoni ta\u2019 <a href=\"https:\/\/nabmalta.org.mt\/wp-content\/uploads\/2023\/07\/012-MCCAA-Lab-Services-Accredited-Scope.pdf\">NAB\u2011Malta g\u0127all-MCCAA\u2011SMI\u2011Laboratory Services, referenza 012<\/a>, in\u0127are\u0121 fit\u201122 ta\u2019 Jannar 2026 u jinkludi attivitajiet ta\u2019 ttestjar tal-materjali g\u0127all-kostruzzjoni. <\/p>\n\n<p>L-ambitu akkreditat jinkludi ttestjar f\u2019oqsma b\u0127al:<\/p>\n\n<ul class=\"wp-block-list\">\n<li>\u0127amrija u materjali granulari;<\/li>\n\n\n\n<li>aggregates;<\/li>\n\n\n\n<li>ta\u0127lit bituminu\u017c;<\/li>\n\n\n\n<li>konkos frisk;<\/li>\n\n\n\n<li>konkos imsa\u0127\u0127a\u0127;<\/li>\n\n\n\n<li>materjali tal-markar tat-toroq;<\/li>\n\n\n\n<li>regolarit\u00e0 tal-wi\u010b\u010b tat-toroq.<\/li>\n<\/ul>\n\n<p>E\u017cempji ta\u2019 testijiet akkreditati jinkludu test ta\u2019 plate loading g\u0127all-\u0127amrija u materjali granulari, kampjunar ta\u2019 aggregates u distribuzzjoni tad-daqs tal-parti\u010belli, test Los Angeles g\u0127ar-re\u017cistenza g\u0127all-frammentazzjoni, ttestjar ta\u2019 ta\u0127lit bituminu\u017c, preparazzjoni ta\u2019 kubi tal-konkos u ttestjar tas-sa\u0127\u0127a kompressiva, test ta\u2019 slump tal-konkos frisk, ittestjar tar-retro\u2011riflessivit\u00e0 u l-luminanza tal-markar tat-toroq, kif ukoll ittestjar b\u2019travelling beam g\u0127ar-regolarit\u00e0 tat-toroq.<\/p>\n\n<p>L-ambitu s\u0127i\u0127 u l-aktar a\u0121\u0121ornat tal-akkreditazzjoni g\u0127andu ji\u0121i kkonsultat direttament mis-sit elettroniku ta\u2019 NAB\u2011Malta. <\/p>\n\n<p><strong>Oqsma ta\u2019 Ittestjar tal-Materjali g\u0127all-Kostruzzjoni<\/strong><\/p>\n\n<p>The Construction Material Testing service may include testing related to:<\/p>\n\n<p><strong>Aggregates<\/strong><\/p>\n\n<p>L-ittestjar tal-aggregates jappo\u0121\u0121ja l-valutazzjoni tal-karatteristi\u010bi tal-materjali u\u017cati fil-kostruzzjoni u xog\u0127lijiet tat-toroq. <\/p>\n\n<p><strong>Ta\u0127lit Bituminu\u017c u Asphalt<\/strong><\/p>\n\n<p>L-ittestjar tat-ta\u0127lit bituminu\u017c jappo\u0121\u0121ja pro\u0121etti ta\u2019 kostruzzjoni u manutenzjoni tat-toroq. <\/p>\n\n<p><strong>Konkos Frisk u Imsa\u0127\u0127a\u0127<\/strong><\/p>\n\n<p>L-ittestjar tal-konkos jappo\u0121\u0121ja l-assigurazzjoni tal-kwalit\u00e0 waqt ix-xog\u0127lijiet ta\u2019 kostruzzjoni. <\/p>\n\n<p><strong>Markar tat-Toroq u Regolarit\u00e0 tat-Toroq<\/strong><\/p>\n\n<p>L-ambitu akkreditat jinkludi wkoll ittestjar tal-prestazzjoni tal-markar tat-toroq u ttestjar tar-regolarit\u00e0 tat-toroq.<\/p>\n\n<p><strong>Ittestjar tal-Gassijiet Medi\u010bi<\/strong><\/p>\n\n<p>Id-Direttorat tas-Servizzi tal-Laboratorju jipprovdi wkoll servizzi ta\u2019 ttestjar tal-gassijiet medi\u010bi g\u0127all-finijiet ta\u2019 assigurazzjoni tal-kwalit\u00e0. Dan is-servizz jappo\u0121\u0121ja attivitajiet relatati mas-sa\u0127\u0127a billi jg\u0127in biex ti\u0121i vverifikata l-kwalit\u00e0 tal-punti tal-gassijiet medi\u010bi u\u017cati f\u2019ambjenti klini\u010bi u fa\u010bilitajiet pubbli\u010bi tal-kura tas-sa\u0127\u0127a. <\/p>\n\n<p>L-ittestjar tal-gassijiet medi\u010bi jg\u0127in biex ji\u0121i \u017cgurat u\u017cu sikur u affidabbli tas-sistemi tal-provvista tal-gass. <\/p>\n\n<p><strong>G\u0127an tal-Ittestjar tal-Gassijiet Medi\u010bi<\/strong><\/p>\n\n<p>L-ittestjar jappo\u0121\u0121ja:<\/p>\n\n<ul class=\"wp-block-list\">\n<li>l-assigurazzjoni tal-kwalit\u00e0 tal-punti tal-provvista;<\/li>\n\n\n\n<li>il-verifika tal-kwalit\u00e0 tal-gass fil-punt tal-u\u017cu;<\/li>\n\n\n\n<li>il-monitora\u0121\u0121 tas-sistemi tal-arja medika;<\/li>\n\n\n\n<li>kontrolli relatati mal-manutenzjoni jew kummissjonar;<\/li>\n\n\n\n<li>il-fidu\u010bja fl-infrastruttura tal-kura tas-sa\u0127\u0127a<\/li>\n<\/ul>\n\n<p><strong>Gassijiet Medi\u010bi Koperti<\/strong><\/p>\n\n<p>Is-servizz jista\u2019 jinkludi ttestjar relatat ma\u2019:<\/p>\n\n<ul class=\"wp-block-list\">\n<li>arja medika;<\/li>\n\n\n\n<li>arja kirur\u0121ika;<\/li>\n\n\n\n<li>arja dentali;<\/li>\n\n\n\n<li>arja kkompressata;<\/li>\n\n\n\n<li>nitrous oxide;<\/li>\n\n\n\n<li>ittestjar ta\u2019 materja partikulata;<\/li>\n\n\n\n<li>testijiet o\u0127ra skont it-talba u l-kapa\u010bit\u00e0 teknika.<\/li>\n<\/ul>\n\n<p><strong>Min Ju\u017ca Dawn is-Servizzi?<\/strong><\/p>\n\n<p>Is-Servizzi ta\u2019 Ittestjar jintu\u017caw primarjament minn entitajiet pubbli\u010bi u minn partijiet interessati fi pro\u0121etti tas-settur pubbliku li je\u0127tie\u0121u appo\u0121\u0121 ta\u2019 ittestjar indipendenti, inklu\u017ci entitajiet responsabbli g\u0127al:<\/p>\n\n<ul class=\"wp-block-list\">\n<li>toroq u infrastruttura;<\/li>\n\n\n\n<li>pro\u0121etti pubbli\u010bi ta\u2019 kostruzzjoni;<\/li>\n\n\n\n<li>xog\u0127lijiet marittimi u mollijiet;<\/li>\n\n\n\n<li>infrastruttura tal-ilma u tad-drena\u0121\u0121;<\/li>\n\n\n\n<li>infrastruttura tal-\u0121estjoni tal-iskart;<\/li>\n\n\n\n<li>fa\u010bilitajiet pubbli\u010bi tal-kura tas-sa\u0127\u0127a;<\/li>\n\n\n\n<li>pro\u0121etti o\u0127ra tal-Gvern jew tas-settur pubbliku li je\u0127tie\u0121u ittestjar g\u0127all-assigurazzjoni tal-kwalit\u00e0.<\/li>\n<\/ul>\n\n<p><strong>Talba g\u0127al Servizz ta\u2019 Ttestjar<\/strong><\/p>\n\n<p>Entitajiet li je\u0127tie\u0121u servizzi ta\u2019 ttestjar g\u0127andhom jikkuntattjaw lid-Direttorat tas-Servizzi tal-Laboratorju sabiex jiddiskutu t-test me\u0127tie\u0121, il-metodu applikabbli, l-arran\u0121amenti tal-kampjuni jew tas-sit, ir-rekwi\u017citi tar-rapportar u l-iskedi ta\u017c-\u017cmien mistennija.<\/p>\n\n<p><strong>Direttorat tas-Servizzi tal-Laboratorju<\/strong><\/p>\n\n<p>Istitut tal-Istandards u l-Metrolo\u0121ija, MCCAA<br\/>F22, Mosta Technopark, Mosta MST 3000, Malta<\/p>\n\n<p><strong>Telefon<\/strong>: +356 2149 6016<br\/><strong>Email<\/strong>: lab.services@mccaa.org.mt<\/p>\n                    <\/div>\n\n                <\/div>\n\n                <div class=\"st-right-cont\">\n\n                    <h3>Sections<\/h3>\n\n                    <div class=\"st-section-tab\">\n\n                        \n                            <div class=\"tab-button\">\n                                <button\n                                    type=\"button\"\n                                    class=\"st-tab-btn active\"\n                                    data-post=\"2415\">\n                                    <span class=\"st-tab-btn-label\">SERVIZZI TA\u2019 TTESTJAR<\/span>\n                                    <span class=\"st-tab-btn-arrow\"><svg xmlns=\"http:\/\/www.w3.org\/2000\/svg\" width=\"13\" height=\"19\" viewBox=\"0 0 13 19\" fill=\"none\">\n                                            <path d=\"M12.3311 9.50003L9.50115 6.67035L2.83178 -4.15226e-07L0.000212546 2.82975L6.67144 9.50003L0.000211963 16.1703L2.83178 19L9.50115 12.3299L12.3311 9.50003Z\" fill=\"#CB904D\" \/>\n                                        <\/svg><\/span>\n                                <\/button>\n\n                            <\/div>\n\n                            <template\n                                class=\"st-tab-template\"\n                                data-post=\"2415\">\n                                <h1>SERVIZZI TA\u2019 TTESTJAR<\/h1>\n                                \n<p><strong>Servizzi ta\u2019 ttestjar affidabbli g\u0127all-infrastruttura pubblika u l-assigurazzjoni tal-kwalit\u00e0 fil-qasam tas-sa\u0127\u0127a<\/strong><\/p>\n\n<p>Id-Direttorat tas-Servizzi tal-Laboratorju fi \u0127dan l-Istitut tal-Istandards u l-Metrolo\u0121ija tal-MCCAA jipprovdi servizzi ta\u2019 ttestjar li jappo\u0121\u0121jaw entitajiet pubbli\u010bi, pro\u0121etti ta\u2019 infrastruttura u attivitajiet essenzjali relatati mal-assigurazzjoni tal-kwalit\u00e0 f\u2019Malta.<\/p>\n\n<p>Id-Direttorat jopera fuq il-valuri tal-indipendenza, il-kompetenza teknika u l-kunfidenzjalit\u00e0 tal-klijent, billi jipprovdi servizzi ta\u2019 ttestjar xjentifiku f\u2019oqsma fejn ri\u017cultati affidabbli huma kru\u010bjali g\u0127all-fidu\u010bja pubblika, is-sigurt\u00e0 u l-assigurazzjoni tal-kwalit\u00e0.<\/p>\n\n<p>Is-servizzi ta\u2019 ttestjar huma pprovduti primarjament lil dipartimenti tal-Gvern u entitajiet pubbli\u010bi, u jappo\u0121\u0121jaw xog\u0127lijiet ewlenin ta\u2019 infrastruttura, pro\u0121etti pubbli\u010bi u attivitajiet ta\u2019 assigurazzjoni tal-kwalit\u00e0 relatati mas-sa\u0127\u0127a.<\/p>\n\n<p><strong>Ittestjar tal-Materjali g\u0127all-Kostruzzjoni<\/strong><\/p>\n\n<p>Is-servizz ta\u2019 Ittestjar tal-Materjali g\u0127all-Kostruzzjoni jipprovdi appo\u0121\u0121 fl-ittestjar g\u0127all-infrastruttura, xog\u0127lijiet tat-toroq, pro\u0121etti ta\u2019 in\u0121inerija \u010bivili u xog\u0127lijiet pubbli\u010bi o\u0127ra relatati mal-kostruzzjoni.<\/p>\n\n<p>Dan is-servizz jg\u0127in lill-entitajiet pubbli\u010bi u lill-partijiet interessati fil-pro\u0121etti billi jipprovdi ttestjar indipendenti tal-materjali tal-kostruzzjoni u\u017cati fi pro\u0121etti ewlenin. L-ittestjar jg\u0127in biex ji\u0121i vverifikat jekk il-materjali u x-xog\u0127lijiet jissodisfawx l-ispe\u010bifikazzjonijiet me\u0127tie\u0121a, u b\u2019hekk jappo\u0121\u0121ja l-assigurazzjoni tal-kwalit\u00e0, il-kontroll tal-pro\u0121ett u l-fidu\u010bja fil-materjali u\u017cati. <\/p>\n\n<p><strong>Akkreditazzjoni<\/strong><\/p>\n\n<p>Is-servizz ta\u2019 Ttestjar tal-Materjali g\u0127all-Kostruzzjoni jopera fi \u0127dan ambitu akkreditat ippubblikat minn NAB\u2011Malta. L-ambitu ta\u2019 akkreditazzjoni ta\u2019 <a href=\"https:\/\/nabmalta.org.mt\/wp-content\/uploads\/2023\/07\/012-MCCAA-Lab-Services-Accredited-Scope.pdf\">NAB\u2011Malta g\u0127all-MCCAA\u2011SMI\u2011Laboratory Services, referenza 012<\/a>, in\u0127are\u0121 fit\u201122 ta\u2019 Jannar 2026 u jinkludi attivitajiet ta\u2019 ttestjar tal-materjali g\u0127all-kostruzzjoni. <\/p>\n\n<p>L-ambitu akkreditat jinkludi ttestjar f\u2019oqsma b\u0127al:<\/p>\n\n<ul class=\"wp-block-list\">\n<li>\u0127amrija u materjali granulari;<\/li>\n\n\n\n<li>aggregates;<\/li>\n\n\n\n<li>ta\u0127lit bituminu\u017c;<\/li>\n\n\n\n<li>konkos frisk;<\/li>\n\n\n\n<li>konkos imsa\u0127\u0127a\u0127;<\/li>\n\n\n\n<li>materjali tal-markar tat-toroq;<\/li>\n\n\n\n<li>regolarit\u00e0 tal-wi\u010b\u010b tat-toroq.<\/li>\n<\/ul>\n\n<p>E\u017cempji ta\u2019 testijiet akkreditati jinkludu test ta\u2019 plate loading g\u0127all-\u0127amrija u materjali granulari, kampjunar ta\u2019 aggregates u distribuzzjoni tad-daqs tal-parti\u010belli, test Los Angeles g\u0127ar-re\u017cistenza g\u0127all-frammentazzjoni, ttestjar ta\u2019 ta\u0127lit bituminu\u017c, preparazzjoni ta\u2019 kubi tal-konkos u ttestjar tas-sa\u0127\u0127a kompressiva, test ta\u2019 slump tal-konkos frisk, ittestjar tar-retro\u2011riflessivit\u00e0 u l-luminanza tal-markar tat-toroq, kif ukoll ittestjar b\u2019travelling beam g\u0127ar-regolarit\u00e0 tat-toroq.<\/p>\n\n<p>L-ambitu s\u0127i\u0127 u l-aktar a\u0121\u0121ornat tal-akkreditazzjoni g\u0127andu ji\u0121i kkonsultat direttament mis-sit elettroniku ta\u2019 NAB\u2011Malta. <\/p>\n\n<p><strong>Oqsma ta\u2019 Ittestjar tal-Materjali g\u0127all-Kostruzzjoni<\/strong><\/p>\n\n<p>The Construction Material Testing service may include testing related to:<\/p>\n\n<p><strong>Aggregates<\/strong><\/p>\n\n<p>L-ittestjar tal-aggregates jappo\u0121\u0121ja l-valutazzjoni tal-karatteristi\u010bi tal-materjali u\u017cati fil-kostruzzjoni u xog\u0127lijiet tat-toroq. <\/p>\n\n<p><strong>Ta\u0127lit Bituminu\u017c u Asphalt<\/strong><\/p>\n\n<p>L-ittestjar tat-ta\u0127lit bituminu\u017c jappo\u0121\u0121ja pro\u0121etti ta\u2019 kostruzzjoni u manutenzjoni tat-toroq. <\/p>\n\n<p><strong>Konkos Frisk u Imsa\u0127\u0127a\u0127<\/strong><\/p>\n\n<p>L-ittestjar tal-konkos jappo\u0121\u0121ja l-assigurazzjoni tal-kwalit\u00e0 waqt ix-xog\u0127lijiet ta\u2019 kostruzzjoni. <\/p>\n\n<p><strong>Markar tat-Toroq u Regolarit\u00e0 tat-Toroq<\/strong><\/p>\n\n<p>L-ambitu akkreditat jinkludi wkoll ittestjar tal-prestazzjoni tal-markar tat-toroq u ttestjar tar-regolarit\u00e0 tat-toroq.<\/p>\n\n<p><strong>Ittestjar tal-Gassijiet Medi\u010bi<\/strong><\/p>\n\n<p>Id-Direttorat tas-Servizzi tal-Laboratorju jipprovdi wkoll servizzi ta\u2019 ttestjar tal-gassijiet medi\u010bi g\u0127all-finijiet ta\u2019 assigurazzjoni tal-kwalit\u00e0. Dan is-servizz jappo\u0121\u0121ja attivitajiet relatati mas-sa\u0127\u0127a billi jg\u0127in biex ti\u0121i vverifikata l-kwalit\u00e0 tal-punti tal-gassijiet medi\u010bi u\u017cati f\u2019ambjenti klini\u010bi u fa\u010bilitajiet pubbli\u010bi tal-kura tas-sa\u0127\u0127a. <\/p>\n\n<p>L-ittestjar tal-gassijiet medi\u010bi jg\u0127in biex ji\u0121i \u017cgurat u\u017cu sikur u affidabbli tas-sistemi tal-provvista tal-gass. <\/p>\n\n<p><strong>G\u0127an tal-Ittestjar tal-Gassijiet Medi\u010bi<\/strong><\/p>\n\n<p>L-ittestjar jappo\u0121\u0121ja:<\/p>\n\n<ul class=\"wp-block-list\">\n<li>l-assigurazzjoni tal-kwalit\u00e0 tal-punti tal-provvista;<\/li>\n\n\n\n<li>il-verifika tal-kwalit\u00e0 tal-gass fil-punt tal-u\u017cu;<\/li>\n\n\n\n<li>il-monitora\u0121\u0121 tas-sistemi tal-arja medika;<\/li>\n\n\n\n<li>kontrolli relatati mal-manutenzjoni jew kummissjonar;<\/li>\n\n\n\n<li>il-fidu\u010bja fl-infrastruttura tal-kura tas-sa\u0127\u0127a<\/li>\n<\/ul>\n\n<p><strong>Gassijiet Medi\u010bi Koperti<\/strong><\/p>\n\n<p>Is-servizz jista\u2019 jinkludi ttestjar relatat ma\u2019:<\/p>\n\n<ul class=\"wp-block-list\">\n<li>arja medika;<\/li>\n\n\n\n<li>arja kirur\u0121ika;<\/li>\n\n\n\n<li>arja dentali;<\/li>\n\n\n\n<li>arja kkompressata;<\/li>\n\n\n\n<li>nitrous oxide;<\/li>\n\n\n\n<li>ittestjar ta\u2019 materja partikulata;<\/li>\n\n\n\n<li>testijiet o\u0127ra skont it-talba u l-kapa\u010bit\u00e0 teknika.<\/li>\n<\/ul>\n\n<p><strong>Min Ju\u017ca Dawn is-Servizzi?<\/strong><\/p>\n\n<p>Is-Servizzi ta\u2019 Ittestjar jintu\u017caw primarjament minn entitajiet pubbli\u010bi u minn partijiet interessati fi pro\u0121etti tas-settur pubbliku li je\u0127tie\u0121u appo\u0121\u0121 ta\u2019 ittestjar indipendenti, inklu\u017ci entitajiet responsabbli g\u0127al:<\/p>\n\n<ul class=\"wp-block-list\">\n<li>toroq u infrastruttura;<\/li>\n\n\n\n<li>pro\u0121etti pubbli\u010bi ta\u2019 kostruzzjoni;<\/li>\n\n\n\n<li>xog\u0127lijiet marittimi u mollijiet;<\/li>\n\n\n\n<li>infrastruttura tal-ilma u tad-drena\u0121\u0121;<\/li>\n\n\n\n<li>infrastruttura tal-\u0121estjoni tal-iskart;<\/li>\n\n\n\n<li>fa\u010bilitajiet pubbli\u010bi tal-kura tas-sa\u0127\u0127a;<\/li>\n\n\n\n<li>pro\u0121etti o\u0127ra tal-Gvern jew tas-settur pubbliku li je\u0127tie\u0121u ittestjar g\u0127all-assigurazzjoni tal-kwalit\u00e0.<\/li>\n<\/ul>\n\n<p><strong>Talba g\u0127al Servizz ta\u2019 Ttestjar<\/strong><\/p>\n\n<p>Entitajiet li je\u0127tie\u0121u servizzi ta\u2019 ttestjar g\u0127andhom jikkuntattjaw lid-Direttorat tas-Servizzi tal-Laboratorju sabiex jiddiskutu t-test me\u0127tie\u0121, il-metodu applikabbli, l-arran\u0121amenti tal-kampjuni jew tas-sit, ir-rekwi\u017citi tar-rapportar u l-iskedi ta\u017c-\u017cmien mistennija.<\/p>\n\n<p><strong>Direttorat tas-Servizzi tal-Laboratorju<\/strong><\/p>\n\n<p>Istitut tal-Istandards u l-Metrolo\u0121ija, MCCAA<br\/>F22, Mosta Technopark, Mosta MST 3000, Malta<\/p>\n\n<p><strong>Telefon<\/strong>: +356 2149 6016<br\/><strong>Email<\/strong>: lab.services@mccaa.org.mt<\/p>\n                            <\/template>\n\n                        \n                    <\/div>\n\n                <\/div>\n\n            <\/section>\n\n            <script>\n                document.addEventListener('DOMContentLoaded', function() {\n\n                    const widgets = document.querySelectorAll('.mccaa-section-tabs');\n\n                    widgets.forEach(widget => {\n\n                        const buttons = widget.querySelectorAll('.st-tab-btn');\n                        const contentContainer = widget.querySelector('.st-render-content');\n\n                        buttons.forEach(button => {\n\n                            button.addEventListener('click', function() {\n\n                                const postId = this.dataset.post;\n\n                                buttons.forEach(btn => btn.classList.remove('active'));\n                                this.classList.add('active');\n\n                                const template = widget.querySelector(\n                                    `.st-tab-template[data-post=\"${postId}\"]`\n                                );\n\n                                if (template) {\n                                    contentContainer.innerHTML = template.innerHTML;\n                                }\n                            });\n                        });\n                    });\n                });\n            <\/script>\n\n\t\t\t\t<\/div>\n\t\t\t\t<\/div>\n\t\t\t\t\t<\/div>\n\t\t\t\t<\/div>\n\t\t\t\t<\/div>\n\t\t","protected":false},"excerpt":{"rendered":"<p>Home Business Hub Testing Services Reliable testing services for public infrastructure and healthcare quality assurance The Laboratory Services Directorate within&#8230;<\/p>\n","protected":false},"author":1,"featured_media":0,"parent":0,"menu_order":0,"comment_status":"closed","ping_status":"closed","template":"","meta":{"_acf_changed":false,"footnotes":""},"class_list":["post-2418","page","type-page","status-publish","hentry"],"acf":[],"_links":{"self":[{"href":"https:\/\/mccaa.org.mt\/mt\/wp-json\/wp\/v2\/pages\/2418","targetHints":{"allow":["GET"]}}],"collection":[{"href":"https:\/\/mccaa.org.mt\/mt\/wp-json\/wp\/v2\/pages"}],"about":[{"href":"https:\/\/mccaa.org.mt\/mt\/wp-json\/wp\/v2\/types\/page"}],"author":[{"embeddable":true,"href":"https:\/\/mccaa.org.mt\/mt\/wp-json\/wp\/v2\/users\/1"}],"replies":[{"embeddable":true,"href":"https:\/\/mccaa.org.mt\/mt\/wp-json\/wp\/v2\/comments?post=2418"}],"version-history":[{"count":1,"href":"https:\/\/mccaa.org.mt\/mt\/wp-json\/wp\/v2\/pages\/2418\/revisions"}],"predecessor-version":[{"id":2419,"href":"https:\/\/mccaa.org.mt\/mt\/wp-json\/wp\/v2\/pages\/2418\/revisions\/2419"}],"wp:attachment":[{"href":"https:\/\/mccaa.org.mt\/mt\/wp-json\/wp\/v2\/media?parent=2418"}],"curies":[{"name":"wp","href":"https:\/\/api.w.org\/{rel}","templated":true}]}}